{"id":444,"date":"2023-06-04T20:09:29","date_gmt":"2023-06-04T20:09:29","guid":{"rendered":"https:\/\/gesecurityit.net\/?page_id=444"},"modified":"2023-06-07T15:54:08","modified_gmt":"2023-06-07T15:54:08","slug":"industries","status":"publish","type":"page","link":"https:\/\/gesecurityit.net\/es\/industrias\/","title":{"rendered":"INDUSTRIAS"},"content":{"rendered":"<div data-elementor-type=\"wp-page\" data-elementor-id=\"444\" class=\"elementor elementor-444\">\n\t\t\t\t\t\t<section class=\"elementor-section elementor-top-section elementor-element elementor-element-7f264312 elementor-section-height-min-height elementor-section-boxed elementor-section-height-default elementor-section-items-middle\" data-id=\"7f264312\" data-element_type=\"section\" data-settings=\"{&quot;background_background&quot;:&quot;classic&quot;}\">\n\t\t\t\t\t\t\t<div class=\"elementor-background-overlay\"><\/div>\n\t\t\t\t\t\t\t<div class=\"elementor-container elementor-column-gap-default\">\n\t\t\t\t\t<div class=\"elementor-column elementor-col-100 elementor-top-column elementor-element elementor-element-22541b1\" data-id=\"22541b1\" data-element_type=\"column\">\n\t\t\t<div class=\"elementor-widget-wrap elementor-element-populated\">\n\t\t\t\t\t\t<section class=\"elementor-section elementor-inner-section elementor-element elementor-element-1be934cb elementor-section-boxed elementor-section-height-default elementor-section-height-default\" data-id=\"1be934cb\" data-element_type=\"section\">\n\t\t\t\t\t\t<div class=\"elementor-container elementor-column-gap-no\">\n\t\t\t\t\t<div class=\"elementor-column elementor-col-100 elementor-inner-column elementor-element elementor-element-4f0737a3\" data-id=\"4f0737a3\" data-element_type=\"column\">\n\t\t\t<div class=\"elementor-widget-wrap elementor-element-populated\">\n\t\t\t\t\t\t<div class=\"elementor-element elementor-element-727a4c13 elementor-widget__width-auto elementor-invisible elementor-widget elementor-widget-heading\" data-id=\"727a4c13\" data-element_type=\"widget\" data-settings=\"{&quot;_animation&quot;:&quot;fadeIn&quot;,&quot;_animation_delay&quot;:150}\" data-widget_type=\"heading.default\">\n\t\t\t\t<div class=\"elementor-widget-container\">\n\t\t\t\t\t<h1 class=\"elementor-heading-title elementor-size-default\">INDUSTRIAS<\/h1>\t\t\t\t<\/div>\n\t\t\t\t<\/div>\n\t\t\t\t\t<\/div>\n\t\t<\/div>\n\t\t\t\t\t<\/div>\n\t\t<\/section>\n\t\t\t\t\t<\/div>\n\t\t<\/div>\n\t\t\t\t\t<\/div>\n\t\t<\/section>\n\t\t\t\t<section class=\"elementor-section elementor-top-section elementor-element elementor-element-5f651e1f elementor-section-boxed elementor-section-height-default elementor-section-height-default\" data-id=\"5f651e1f\" data-element_type=\"section\" data-settings=\"{&quot;background_background&quot;:&quot;classic&quot;}\">\n\t\t\t\t\t\t\t<div class=\"elementor-background-overlay\"><\/div>\n\t\t\t\t\t\t\t<div class=\"elementor-container elementor-column-gap-default\">\n\t\t\t\t\t<div class=\"elementor-column elementor-col-100 elementor-top-column elementor-element elementor-element-3766f96b\" data-id=\"3766f96b\" data-element_type=\"column\" data-settings=\"{&quot;background_background&quot;:&quot;classic&quot;}\">\n\t\t\t<div class=\"elementor-widget-wrap elementor-element-populated\">\n\t\t\t\t\t<div class=\"elementor-background-overlay\"><\/div>\n\t\t\t\t\t\t<div class=\"elementor-element elementor-element-4ced6b6d elementor-widget elementor-widget-spacer\" data-id=\"4ced6b6d\" data-element_type=\"widget\" data-widget_type=\"spacer.default\">\n\t\t\t\t<div class=\"elementor-widget-container\">\n\t\t\t\t\t\t\t<div class=\"elementor-spacer\">\n\t\t\t<div class=\"elementor-spacer-inner\"><\/div>\n\t\t<\/div>\n\t\t\t\t\t\t<\/div>\n\t\t\t\t<\/div>\n\t\t\t\t\t<\/div>\n\t\t<\/div>\n\t\t\t\t\t<\/div>\n\t\t<\/section>\n\t\t\t\t<section class=\"elementor-section elementor-top-section elementor-element elementor-element-ab76aa7 elementor-section-boxed elementor-section-height-default elementor-section-height-default\" data-id=\"ab76aa7\" data-element_type=\"section\">\n\t\t\t\t\t\t<div class=\"elementor-container elementor-column-gap-default\">\n\t\t\t\t\t<div class=\"elementor-column elementor-col-100 elementor-top-column elementor-element elementor-element-26e2e7ee\" data-id=\"26e2e7ee\" data-element_type=\"column\">\n\t\t\t<div class=\"elementor-widget-wrap elementor-element-populated\">\n\t\t\t\t\t\t<div class=\"elementor-element elementor-element-6e19b0a elementor-widget elementor-widget-heading\" data-id=\"6e19b0a\" data-element_type=\"widget\" data-widget_type=\"heading.default\">\n\t\t\t\t<div class=\"elementor-widget-container\">\n\t\t\t\t\t<h2 class=\"elementor-heading-title elementor-size-default\">En HK GE somos conscientes de que cada sector tiene sus propios retos en materia de seguridad inform\u00e1tica.<\/h2>\t\t\t\t<\/div>\n\t\t\t\t<\/div>\n\t\t\t\t<div class=\"elementor-element elementor-element-7a50cf52 elementor-invisible elementor-widget elementor-widget-text-editor\" data-id=\"7a50cf52\" data-element_type=\"widget\" data-settings=\"{&quot;_animation&quot;:&quot;fadeIn&quot;,&quot;_animation_delay&quot;:250}\" data-widget_type=\"text-editor.default\">\n\t\t\t\t<div class=\"elementor-widget-container\">\n\t\t\t\t\t\t\t\t\t<p>En HK GE somos conscientes de los retos de seguridad inform\u00e1tica a los que se enfrentan los distintos sectores. Nuestras soluciones a medida est\u00e1n dise\u00f1adas para hacer frente a estos retos, garantizando la confidencialidad, integridad y disponibilidad de la informaci\u00f3n cr\u00edtica. P\u00f3ngase en contacto con nosotros hoy mismo para hablar de c\u00f3mo podemos ayudarle a proteger las necesidades espec\u00edficas de su sector.<\/p>\t\t\t\t\t\t\t\t<\/div>\n\t\t\t\t<\/div>\n\t\t\t\t\t<\/div>\n\t\t<\/div>\n\t\t\t\t\t<\/div>\n\t\t<\/section>\n\t\t\t\t<section class=\"elementor-section elementor-top-section elementor-element elementor-element-51cb821e elementor-section-boxed elementor-section-height-default elementor-section-height-default\" data-id=\"51cb821e\" data-element_type=\"section\" data-settings=\"{&quot;background_background&quot;:&quot;gradient&quot;}\">\n\t\t\t\t\t\t\t<div class=\"elementor-background-overlay\"><\/div>\n\t\t\t\t\t\t\t<div class=\"elementor-container elementor-column-gap-default\">\n\t\t\t\t\t<div class=\"elementor-column elementor-col-100 elementor-top-column elementor-element elementor-element-1bca9b90\" data-id=\"1bca9b90\" data-element_type=\"column\">\n\t\t\t<div class=\"elementor-widget-wrap elementor-element-populated\">\n\t\t\t\t\t\t<section class=\"elementor-section elementor-inner-section elementor-element elementor-element-736cb6ed elementor-section-boxed elementor-section-height-default elementor-section-height-default\" data-id=\"736cb6ed\" data-element_type=\"section\">\n\t\t\t\t\t\t<div class=\"elementor-container elementor-column-gap-no\">\n\t\t\t\t\t<div class=\"elementor-column elementor-col-50 elementor-inner-column elementor-element elementor-element-a820261\" data-id=\"a820261\" data-element_type=\"column\">\n\t\t\t<div class=\"elementor-widget-wrap elementor-element-populated\">\n\t\t\t\t\t\t<div class=\"elementor-element elementor-element-60ed07c8 elementor-widget__width-auto elementor-widget elementor-widget-heading\" data-id=\"60ed07c8\" data-element_type=\"widget\" data-widget_type=\"heading.default\">\n\t\t\t\t<div class=\"elementor-widget-container\">\n\t\t\t\t\t<h2 class=\"elementor-heading-title elementor-size-default\">01<\/h2>\t\t\t\t<\/div>\n\t\t\t\t<\/div>\n\t\t\t\t<div class=\"elementor-element elementor-element-6fdc7ec4 elementor-widget__width-initial elementor-widget elementor-widget-heading\" data-id=\"6fdc7ec4\" data-element_type=\"widget\" data-widget_type=\"heading.default\">\n\t\t\t\t<div class=\"elementor-widget-container\">\n\t\t\t\t\t<h2 class=\"elementor-heading-title elementor-size-default\">Minoristas<\/h2>\t\t\t\t<\/div>\n\t\t\t\t<\/div>\n\t\t\t\t\t<\/div>\n\t\t<\/div>\n\t\t\t\t<div class=\"elementor-column elementor-col-50 elementor-inner-column elementor-element elementor-element-2230afc5\" data-id=\"2230afc5\" data-element_type=\"column\">\n\t\t\t<div class=\"elementor-widget-wrap elementor-element-populated\">\n\t\t\t\t\t\t<div class=\"elementor-element elementor-element-50e6ca05 elementor-widget__width-initial elementor-widget elementor-widget-text-editor\" data-id=\"50e6ca05\" data-element_type=\"widget\" data-widget_type=\"text-editor.default\">\n\t\t\t\t<div class=\"elementor-widget-container\">\n\t\t\t\t\t\t\t\t\t<p>El sector minorista se enfrenta a constantes amenazas de ciberdelincuentes que buscan explotar las vulnerabilidades de los sistemas de pago, las bases de datos de clientes y las plataformas de comercio electr\u00f3nico. En HK GE ayudamos a los minoristas a implantar s\u00f3lidas medidas de seguridad en la red, realizar evaluaciones de vulnerabilidad y desplegar soluciones de pago seguras. Al asociarse con nosotros, los minoristas pueden proteger la informaci\u00f3n de pago de sus clientes, mantener la integridad de sus sistemas y generar confianza en sus marcas.<\/p>\t\t\t\t\t\t\t\t<\/div>\n\t\t\t\t<\/div>\n\t\t\t\t\t<\/div>\n\t\t<\/div>\n\t\t\t\t\t<\/div>\n\t\t<\/section>\n\t\t\t\t<section class=\"elementor-section elementor-inner-section elementor-element elementor-element-1c3c671e elementor-section-boxed elementor-section-height-default elementor-section-height-default\" data-id=\"1c3c671e\" data-element_type=\"section\">\n\t\t\t\t\t\t<div class=\"elementor-container elementor-column-gap-no\">\n\t\t\t\t\t<div class=\"elementor-column elementor-col-50 elementor-inner-column elementor-element elementor-element-7d83bf68\" data-id=\"7d83bf68\" data-element_type=\"column\">\n\t\t\t<div class=\"elementor-widget-wrap elementor-element-populated\">\n\t\t\t\t\t\t<div class=\"elementor-element elementor-element-a47cee9 elementor-widget__width-auto elementor-widget elementor-widget-heading\" data-id=\"a47cee9\" data-element_type=\"widget\" data-widget_type=\"heading.default\">\n\t\t\t\t<div class=\"elementor-widget-container\">\n\t\t\t\t\t<h2 class=\"elementor-heading-title elementor-size-default\">02<\/h2>\t\t\t\t<\/div>\n\t\t\t\t<\/div>\n\t\t\t\t<div class=\"elementor-element elementor-element-6a8901aa elementor-widget__width-initial elementor-widget elementor-widget-heading\" data-id=\"6a8901aa\" data-element_type=\"widget\" data-widget_type=\"heading.default\">\n\t\t\t\t<div class=\"elementor-widget-container\">\n\t\t\t\t\t<h2 class=\"elementor-heading-title elementor-size-default\">Restaurantes<\/h2>\t\t\t\t<\/div>\n\t\t\t\t<\/div>\n\t\t\t\t\t<\/div>\n\t\t<\/div>\n\t\t\t\t<div class=\"elementor-column elementor-col-50 elementor-inner-column elementor-element elementor-element-7405b912\" data-id=\"7405b912\" data-element_type=\"column\">\n\t\t\t<div class=\"elementor-widget-wrap elementor-element-populated\">\n\t\t\t\t\t\t<div class=\"elementor-element elementor-element-32150fdd elementor-widget__width-initial elementor-widget elementor-widget-text-editor\" data-id=\"32150fdd\" data-element_type=\"widget\" data-widget_type=\"text-editor.default\">\n\t\t\t\t<div class=\"elementor-widget-container\">\n\t\t\t\t\t\t\t\t\t<p>Los restaurantes manejan una cantidad significativa de datos de clientes, incluidos detalles de pago e informaci\u00f3n personal. Proteger esta informaci\u00f3n sensible es crucial para mantener la confianza de los clientes y cumplir la normativa de protecci\u00f3n de datos. Nuestro equipo est\u00e1 especializado en proteger las redes de los restaurantes, aplicar medidas de cifrado de datos s\u00f3lidas y realizar auditor\u00edas de seguridad exhaustivas. Al utilizar nuestros servicios, los restaurantes pueden salvaguardar los datos de sus clientes, evitar accesos no autorizados y mitigar el riesgo de violaci\u00f3n de datos.<\/p>\t\t\t\t\t\t\t\t<\/div>\n\t\t\t\t<\/div>\n\t\t\t\t\t<\/div>\n\t\t<\/div>\n\t\t\t\t\t<\/div>\n\t\t<\/section>\n\t\t\t\t<section class=\"elementor-section elementor-inner-section elementor-element elementor-element-2e973620 elementor-section-boxed elementor-section-height-default elementor-section-height-default\" data-id=\"2e973620\" data-element_type=\"section\">\n\t\t\t\t\t\t<div class=\"elementor-container elementor-column-gap-no\">\n\t\t\t\t\t<div class=\"elementor-column elementor-col-50 elementor-inner-column elementor-element elementor-element-1f09f46f\" data-id=\"1f09f46f\" data-element_type=\"column\">\n\t\t\t<div class=\"elementor-widget-wrap elementor-element-populated\">\n\t\t\t\t\t\t<div class=\"elementor-element elementor-element-1ddaba94 elementor-widget__width-auto elementor-widget elementor-widget-heading\" data-id=\"1ddaba94\" data-element_type=\"widget\" data-widget_type=\"heading.default\">\n\t\t\t\t<div class=\"elementor-widget-container\">\n\t\t\t\t\t<h2 class=\"elementor-heading-title elementor-size-default\">03<\/h2>\t\t\t\t<\/div>\n\t\t\t\t<\/div>\n\t\t\t\t<div class=\"elementor-element elementor-element-1d319f94 elementor-widget__width-initial elementor-widget elementor-widget-heading\" data-id=\"1d319f94\" data-element_type=\"widget\" data-widget_type=\"heading.default\">\n\t\t\t\t<div class=\"elementor-widget-container\">\n\t\t\t\t\t<h2 class=\"elementor-heading-title elementor-size-default\">Entretenimiento<\/h2>\t\t\t\t<\/div>\n\t\t\t\t<\/div>\n\t\t\t\t\t<\/div>\n\t\t<\/div>\n\t\t\t\t<div class=\"elementor-column elementor-col-50 elementor-inner-column elementor-element elementor-element-31661c4e\" data-id=\"31661c4e\" data-element_type=\"column\">\n\t\t\t<div class=\"elementor-widget-wrap elementor-element-populated\">\n\t\t\t\t\t\t<div class=\"elementor-element elementor-element-65c8a619 elementor-widget__width-initial elementor-widget elementor-widget-text-editor\" data-id=\"65c8a619\" data-element_type=\"widget\" data-widget_type=\"text-editor.default\">\n\t\t\t\t<div class=\"elementor-widget-container\">\n\t\t\t\t\t\t\t\t\t<p>La industria del entretenimiento depende en gran medida de plataformas digitales, sistemas de venta de entradas en l\u00ednea y bases de datos de clientes. Estos activos necesitan una s\u00f3lida protecci\u00f3n frente a las ciberamenazas para garantizar unas operaciones fluidas y la satisfacci\u00f3n del cliente. HK GE ofrece soluciones avanzadas de seguridad de redes, evaluaciones de vulnerabilidades y servicios de respuesta a incidentes adaptados a la industria del entretenimiento. Al asociarse con nosotros, las empresas de entretenimiento pueden salvaguardar su infraestructura digital, proteger la propiedad intelectual y ofrecer una experiencia en l\u00ednea segura a sus clientes.<\/p>\t\t\t\t\t\t\t\t<\/div>\n\t\t\t\t<\/div>\n\t\t\t\t\t<\/div>\n\t\t<\/div>\n\t\t\t\t\t<\/div>\n\t\t<\/section>\n\t\t\t\t<section class=\"elementor-section elementor-inner-section elementor-element elementor-element-7fd8a0b elementor-section-boxed elementor-section-height-default elementor-section-height-default\" data-id=\"7fd8a0b\" data-element_type=\"section\">\n\t\t\t\t\t\t<div class=\"elementor-container elementor-column-gap-no\">\n\t\t\t\t\t<div class=\"elementor-column elementor-col-50 elementor-inner-column elementor-element elementor-element-cec3435\" data-id=\"cec3435\" data-element_type=\"column\">\n\t\t\t<div class=\"elementor-widget-wrap elementor-element-populated\">\n\t\t\t\t\t\t<div class=\"elementor-element elementor-element-1cc3215 elementor-widget__width-auto elementor-widget elementor-widget-heading\" data-id=\"1cc3215\" data-element_type=\"widget\" data-widget_type=\"heading.default\">\n\t\t\t\t<div class=\"elementor-widget-container\">\n\t\t\t\t\t<h2 class=\"elementor-heading-title elementor-size-default\">04<\/h2>\t\t\t\t<\/div>\n\t\t\t\t<\/div>\n\t\t\t\t<div class=\"elementor-element elementor-element-f578d44 elementor-widget__width-initial elementor-widget elementor-widget-heading\" data-id=\"f578d44\" data-element_type=\"widget\" data-widget_type=\"heading.default\">\n\t\t\t\t<div class=\"elementor-widget-container\">\n\t\t\t\t\t<h2 class=\"elementor-heading-title elementor-size-default\">Transporte p\u00fablico<\/h2>\t\t\t\t<\/div>\n\t\t\t\t<\/div>\n\t\t\t\t\t<\/div>\n\t\t<\/div>\n\t\t\t\t<div class=\"elementor-column elementor-col-50 elementor-inner-column elementor-element elementor-element-4e69234\" data-id=\"4e69234\" data-element_type=\"column\">\n\t\t\t<div class=\"elementor-widget-wrap elementor-element-populated\">\n\t\t\t\t\t\t<div class=\"elementor-element elementor-element-7cdf158 elementor-widget__width-initial elementor-widget elementor-widget-text-editor\" data-id=\"7cdf158\" data-element_type=\"widget\" data-widget_type=\"text-editor.default\">\n\t\t\t\t<div class=\"elementor-widget-container\">\n\t\t\t\t\t\t\t\t\t<p>Los sistemas de transporte p\u00fablico son vitales para el buen funcionamiento de ciudades y regiones. Sin embargo, se enfrentan a retos de seguridad \u00fanicos, como garantizar la integridad de los sistemas de emisi\u00f3n de billetes, proteger la informaci\u00f3n de los pasajeros y proteger las redes de comunicaci\u00f3n. HK GE est\u00e1 especializada en ofrecer soluciones integrales de seguridad inform\u00e1tica para el transporte p\u00fablico, incluida la seguridad de las redes, los protocolos de cifrado y la planificaci\u00f3n de la respuesta ante incidentes. Trabajando con nosotros, las autoridades del transporte p\u00fablico pueden mejorar la seguridad y fiabilidad de sus sistemas, garantizando la seguridad y privacidad de los datos de los pasajeros.<\/p>\t\t\t\t\t\t\t\t<\/div>\n\t\t\t\t<\/div>\n\t\t\t\t\t<\/div>\n\t\t<\/div>\n\t\t\t\t\t<\/div>\n\t\t<\/section>\n\t\t\t\t<section class=\"elementor-section elementor-inner-section elementor-element elementor-element-d961240 elementor-section-boxed elementor-section-height-default elementor-section-height-default\" data-id=\"d961240\" data-element_type=\"section\">\n\t\t\t\t\t\t<div class=\"elementor-container elementor-column-gap-no\">\n\t\t\t\t\t<div class=\"elementor-column elementor-col-50 elementor-inner-column elementor-element elementor-element-d681101\" data-id=\"d681101\" data-element_type=\"column\">\n\t\t\t<div class=\"elementor-widget-wrap elementor-element-populated\">\n\t\t\t\t\t\t<div class=\"elementor-element elementor-element-e237a3d elementor-widget__width-auto elementor-widget elementor-widget-heading\" data-id=\"e237a3d\" data-element_type=\"widget\" data-widget_type=\"heading.default\">\n\t\t\t\t<div class=\"elementor-widget-container\">\n\t\t\t\t\t<h2 class=\"elementor-heading-title elementor-size-default\">05<\/h2>\t\t\t\t<\/div>\n\t\t\t\t<\/div>\n\t\t\t\t<div class=\"elementor-element elementor-element-479a24e elementor-widget__width-initial elementor-widget elementor-widget-heading\" data-id=\"479a24e\" data-element_type=\"widget\" data-widget_type=\"heading.default\">\n\t\t\t\t<div class=\"elementor-widget-container\">\n\t\t\t\t\t<h2 class=\"elementor-heading-title elementor-size-default\">Departamentos gubernamentales<\/h2>\t\t\t\t<\/div>\n\t\t\t\t<\/div>\n\t\t\t\t\t<\/div>\n\t\t<\/div>\n\t\t\t\t<div class=\"elementor-column elementor-col-50 elementor-inner-column elementor-element elementor-element-e831729\" data-id=\"e831729\" data-element_type=\"column\">\n\t\t\t<div class=\"elementor-widget-wrap elementor-element-populated\">\n\t\t\t\t\t\t<div class=\"elementor-element elementor-element-0107215 elementor-widget__width-initial elementor-widget elementor-widget-text-editor\" data-id=\"0107215\" data-element_type=\"widget\" data-widget_type=\"text-editor.default\">\n\t\t\t\t<div class=\"elementor-widget-container\">\n\t\t\t\t\t\t\t\t\t<p>Los departamentos gubernamentales manejan grandes cantidades de informaci\u00f3n sensible, lo que los convierte en objetivos principales de los ciberataques. HK GE ofrece servicios especializados de seguridad inform\u00e1tica adaptados a las necesidades espec\u00edficas de los departamentos gubernamentales. Proporcionamos soluciones de seguridad de red, evaluaciones de vulnerabilidad, planificaci\u00f3n de respuesta a incidentes y consultor\u00eda sobre cumplimiento de normativas. Al asociarse con nosotros, los departamentos gubernamentales pueden proteger las infraestructuras cr\u00edticas, salvaguardar los datos de los ciudadanos y garantizar la continuidad de los servicios esenciales.<\/p>\t\t\t\t\t\t\t\t<\/div>\n\t\t\t\t<\/div>\n\t\t\t\t\t<\/div>\n\t\t<\/div>\n\t\t\t\t\t<\/div>\n\t\t<\/section>\n\t\t\t\t<section class=\"elementor-section elementor-inner-section elementor-element elementor-element-199ec68 elementor-section-boxed elementor-section-height-default elementor-section-height-default\" data-id=\"199ec68\" data-element_type=\"section\">\n\t\t\t\t\t\t<div class=\"elementor-container elementor-column-gap-no\">\n\t\t\t\t\t<div class=\"elementor-column elementor-col-50 elementor-inner-column elementor-element elementor-element-9b0b0df\" data-id=\"9b0b0df\" data-element_type=\"column\">\n\t\t\t<div class=\"elementor-widget-wrap elementor-element-populated\">\n\t\t\t\t\t\t<div class=\"elementor-element elementor-element-4a206f9 elementor-widget__width-auto elementor-widget elementor-widget-heading\" data-id=\"4a206f9\" data-element_type=\"widget\" data-widget_type=\"heading.default\">\n\t\t\t\t<div class=\"elementor-widget-container\">\n\t\t\t\t\t<h2 class=\"elementor-heading-title elementor-size-default\">06<\/h2>\t\t\t\t<\/div>\n\t\t\t\t<\/div>\n\t\t\t\t<div class=\"elementor-element elementor-element-7022794 elementor-widget__width-initial elementor-widget elementor-widget-heading\" data-id=\"7022794\" data-element_type=\"widget\" data-widget_type=\"heading.default\">\n\t\t\t\t<div class=\"elementor-widget-container\">\n\t\t\t\t\t<h2 class=\"elementor-heading-title elementor-size-default\">Gasolineras<\/h2>\t\t\t\t<\/div>\n\t\t\t\t<\/div>\n\t\t\t\t\t<\/div>\n\t\t<\/div>\n\t\t\t\t<div class=\"elementor-column elementor-col-50 elementor-inner-column elementor-element elementor-element-9159615\" data-id=\"9159615\" data-element_type=\"column\">\n\t\t\t<div class=\"elementor-widget-wrap elementor-element-populated\">\n\t\t\t\t\t\t<div class=\"elementor-element elementor-element-864cfec elementor-widget__width-initial elementor-widget elementor-widget-text-editor\" data-id=\"864cfec\" data-element_type=\"widget\" data-widget_type=\"text-editor.default\">\n\t\t\t\t<div class=\"elementor-widget-container\">\n\t\t\t\t\t\t\t\t\t<p>Las gasolineras dependen de varios sistemas inform\u00e1ticos, como terminales de punto de venta, surtidores de combustible y sistemas de vigilancia. Asegurar estos sistemas es crucial para proteger los datos de pago de los clientes y evitar accesos no autorizados. HK GE est\u00e1 especializada en ofrecer soluciones integrales de seguridad inform\u00e1tica para gasolineras, que incluyen seguridad de red, protocolos de encriptaci\u00f3n y auditor\u00edas de seguridad. Al asociarse con nosotros, las gasolineras pueden mejorar su seguridad, proteger los datos de los clientes y evitar posibles infracciones.<\/p>\t\t\t\t\t\t\t\t<\/div>\n\t\t\t\t<\/div>\n\t\t\t\t\t<\/div>\n\t\t<\/div>\n\t\t\t\t\t<\/div>\n\t\t<\/section>\n\t\t\t\t\t<\/div>\n\t\t<\/div>\n\t\t\t\t\t<\/div>\n\t\t<\/section>\n\t\t\t\t<\/div>","protected":false},"excerpt":{"rendered":"<p>INDUSTRIES At HK GE, we understand that different industries have unique IT security challenges. At HK GE, we understand the unique IT security challenges faced by different industries. Our tailored solutions are designed to address these challenges, ensuring the confidentiality, integrity, and availability of critical information. Contact us today to discuss how we can help [&hellip;]<\/p>\n","protected":false},"author":4,"featured_media":0,"parent":0,"menu_order":0,"comment_status":"closed","ping_status":"closed","template":"elementor_header_footer","meta":{"footnotes":""},"class_list":["post-444","page","type-page","status-publish","hentry"],"_links":{"self":[{"href":"https:\/\/gesecurityit.net\/es\/wp-json\/wp\/v2\/pages\/444","targetHints":{"allow":["GET"]}}],"collection":[{"href":"https:\/\/gesecurityit.net\/es\/wp-json\/wp\/v2\/pages"}],"about":[{"href":"https:\/\/gesecurityit.net\/es\/wp-json\/wp\/v2\/types\/page"}],"author":[{"embeddable":true,"href":"https:\/\/gesecurityit.net\/es\/wp-json\/wp\/v2\/users\/4"}],"replies":[{"embeddable":true,"href":"https:\/\/gesecurityit.net\/es\/wp-json\/wp\/v2\/comments?post=444"}],"version-history":[{"count":39,"href":"https:\/\/gesecurityit.net\/es\/wp-json\/wp\/v2\/pages\/444\/revisions"}],"predecessor-version":[{"id":736,"href":"https:\/\/gesecurityit.net\/es\/wp-json\/wp\/v2\/pages\/444\/revisions\/736"}],"wp:attachment":[{"href":"https:\/\/gesecurityit.net\/es\/wp-json\/wp\/v2\/media?parent=444"}],"curies":[{"name":"wp","href":"https:\/\/api.w.org\/{rel}","templated":true}]}}